{"id":11908,"date":"2022-06-10T07:54:25","date_gmt":"2022-06-10T05:54:25","guid":{"rendered":"https:\/\/www.flooxpower.com\/dienstleistungen\/"},"modified":"2025-10-15T09:19:58","modified_gmt":"2025-10-15T07:19:58","slug":"dienstleistungen","status":"publish","type":"page","link":"https:\/\/www.flooxpower.com\/de\/dienstleistungen\/","title":{"rendered":"DIENSTLEISTUNGEN"},"content":{"rendered":"[vc_row type=&#8220;full_width_content&#8220; full_screen_row_position=&#8220;middle&#8220; column_margin=&#8220;default&#8220; column_direction=&#8220;default&#8220; column_direction_tablet=&#8220;default&#8220; column_direction_phone=&#8220;default&#8220; scene_position=&#8220;center&#8220; top_padding=&#8220;5%&#8220; text_color=&#8220;dark&#8220; text_align=&#8220;left&#8220; row_border_radius=&#8220;none&#8220; row_border_radius_applies=&#8220;bg&#8220; overflow=&#8220;visible&#8220; overlay_strength=&#8220;0.3&#8243; gradient_direction=&#8220;left_to_right&#8220; shape_divider_position=&#8220;bottom&#8220; bg_image_animation=&#8220;none&#8220; shape_type=&#8220;&#8220;][vc_column column_padding=&#8220;no-extra-padding&#8220; column_padding_tablet=&#8220;inherit&#8220; column_padding_phone=&#8220;inherit&#8220; column_padding_position=&#8220;all&#8220; column_element_spacing=&#8220;default&#8220; background_color_opacity=&#8220;1&#8243; background_hover_color_opacity=&#8220;1&#8243; column_shadow=&#8220;none&#8220; column_border_radius=&#8220;none&#8220; column_link_target=&#8220;_self&#8220; column_position=&#8220;default&#8220; gradient_direction=&#8220;left_to_right&#8220; overlay_strength=&#8220;0.3&#8243; width=&#8220;1\/1&#8243; tablet_width_inherit=&#8220;default&#8220; tablet_text_alignment=&#8220;default&#8220; phone_text_alignment=&#8220;default&#8220; animation_type=&#8220;default&#8220; bg_image_animation=&#8220;none&#8220; border_type=&#8220;simple&#8220; column_border_width=&#8220;none&#8220; column_border_style=&#8220;solid&#8220;][vc_row_inner column_margin=&#8220;default&#8220; column_direction=&#8220;default&#8220; column_direction_tablet=&#8220;default&#8220; column_direction_phone=&#8220;default&#8220; text_align=&#8220;left&#8220; row_position=&#8220;default&#8220; row_position_tablet=&#8220;inherit&#8220; row_position_phone=&#8220;inherit&#8220; overflow=&#8220;visible&#8220; pointer_events=&#8220;all&#8220;][vc_column_inner column_padding=&#8220;no-extra-padding&#8220; column_padding_tablet=&#8220;inherit&#8220; column_padding_phone=&#8220;inherit&#8220; column_padding_position=&#8220;all&#8220; column_element_spacing=&#8220;default&#8220; background_color_opacity=&#8220;1&#8243; background_hover_color_opacity=&#8220;1&#8243; background_image=&#8220;224&#8243; background_image_position=&#8220;center center&#8220; background_image_loading=&#8220;default&#8220; column_shadow=&#8220;none&#8220; column_border_radius=&#8220;none&#8220; column_link_target=&#8220;_self&#8220; enable_gradient=&#8220;true&#8220; color_overlay=&#8220;rgba(0,0,0,0.38)&#8220; color_overlay_2=&#8220;#6739ff&#8220; advanced_gradient_angle=&#8220;0&#8243; gradient_direction=&#8220;left_t_to_right_b&#8220; overlay_strength=&#8220;0.3&#8243; width=&#8220;1\/4&#8243; tablet_width_inherit=&#8220;default&#8220; animation_type=&#8220;default&#8220; bg_image_animation=&#8220;none&#8220; border_type=&#8220;simple&#8220; column_border_width=&#8220;none&#8220; column_border_style=&#8220;solid&#8220; gradient_type=&#8220;default&#8220;][fancy_box box_style=&#8220;parallax_hover&#8220; icon_family=&#8220;none&#8220; parallax_hover_box_alignment=&#8220;middle&#8220; parallax_hover_box_overlay_opacity=&#8220;0.6&#8243; parallax_hover_box_overlay_opacity_hover=&#8220;0.2&#8243; border_radius=&#8220;default&#8220; image_loading=&#8220;default&#8220; color_scheme=&#8220;dark&#8220; secondary_content=&#8220;here&#8217;s some awesome text that would only be shown on hover&#8220; min_height=&#8220;600&#8243;]\n<h2>Schulung<\/h2>\n<p>Technische Schulung f\u00fcr Installation und Wartung (L1 und L2) f\u00fcr H\u00e4ndler und Installateure. Schulung f\u00fcr Betreiber.[\/fancy_box][\/vc_column_inner][vc_column_inner column_padding=&#8220;no-extra-padding&#8220; column_padding_tablet=&#8220;inherit&#8220; column_padding_phone=&#8220;inherit&#8220; column_padding_position=&#8220;all&#8220; column_element_spacing=&#8220;default&#8220; background_color_opacity=&#8220;1&#8243; background_hover_color_opacity=&#8220;1&#8243; background_image=&#8220;226&#8243; background_image_position=&#8220;center center&#8220; background_image_loading=&#8220;default&#8220; column_shadow=&#8220;none&#8220; column_border_radius=&#8220;none&#8220; column_link_target=&#8220;_self&#8220; enable_gradient=&#8220;true&#8220; color_overlay=&#8220;#bba9fd&#8220; color_overlay_2=&#8220;#11f95e&#8220; advanced_gradient_angle=&#8220;145&#8243; gradient_direction=&#8220;left_t_to_right_b&#8220; overlay_strength=&#8220;0.5&#8243; width=&#8220;1\/4&#8243; tablet_width_inherit=&#8220;default&#8220; animation_type=&#8220;default&#8220; bg_image_animation=&#8220;none&#8220; border_type=&#8220;simple&#8220; column_border_width=&#8220;none&#8220; column_border_style=&#8220;solid&#8220; gradient_type=&#8220;default&#8220;][fancy_box box_style=&#8220;parallax_hover&#8220; icon_family=&#8220;none&#8220; parallax_hover_box_alignment=&#8220;middle&#8220; parallax_hover_box_overlay_opacity=&#8220;0.6&#8243; parallax_hover_box_overlay_opacity_hover=&#8220;0.2&#8243; border_radius=&#8220;default&#8220; image_loading=&#8220;default&#8220; color_scheme=&#8220;dark&#8220; secondary_content=&#8220;&#8220; min_height=&#8220;600&#8243;]\n<h2>Ersatzteile<\/h2>\n<p>Ersatzteilservice f\u00fcr die laufende Wartung von Ladel\u00f6sungen.[\/fancy_box][\/vc_column_inner][vc_column_inner column_padding=&#8220;no-extra-padding&#8220; column_padding_tablet=&#8220;inherit&#8220; column_padding_phone=&#8220;inherit&#8220; column_padding_position=&#8220;all&#8220; column_element_spacing=&#8220;default&#8220; background_color_opacity=&#8220;1&#8243; background_hover_color_opacity=&#8220;1&#8243; background_image=&#8220;227&#8243; background_image_position=&#8220;center center&#8220; background_image_loading=&#8220;default&#8220; column_shadow=&#8220;none&#8220; column_border_radius=&#8220;none&#8220; column_link_target=&#8220;_blank&#8220; enable_gradient=&#8220;true&#8220; color_overlay=&#8220;rgba(209,209,209,0.38)&#8220; color_overlay_2=&#8220;#6739ff&#8220; advanced_gradient_angle=&#8220;0&#8243; gradient_direction=&#8220;left_t_to_right_b&#8220; overlay_strength=&#8220;0.3&#8243; width=&#8220;1\/4&#8243; tablet_width_inherit=&#8220;default&#8220; animation_type=&#8220;default&#8220; bg_image_animation=&#8220;none&#8220; border_type=&#8220;simple&#8220; column_border_width=&#8220;none&#8220; column_border_style=&#8220;solid&#8220; gradient_type=&#8220;default&#8220;][fancy_box box_style=&#8220;parallax_hover&#8220; icon_family=&#8220;none&#8220; link_new_tab=&#8220;true&#8220; parallax_hover_box_alignment=&#8220;middle&#8220; parallax_hover_box_overlay_opacity=&#8220;0.6&#8243; parallax_hover_box_overlay_opacity_hover=&#8220;0.2&#8243; border_radius=&#8220;default&#8220; image_loading=&#8220;default&#8220; color_scheme=&#8220;dark&#8220; secondary_content=&#8220;here&#8217;s some awesome text that would only be shown on hover&#8220; min_height=&#8220;600&#8243; link_url=&#8220;https:\/\/www.flooxpower.com\/centro-soporte-incidencias\/&#8220;]\n<h2>Technischer Service<\/h2>\n<p>Bei Floox liegt uns Ihr Ladeerlebnis am Herzen. Melden Sie Probleme mit unseren Schnellladeger\u00e4ten und erhalten Sie fachkundige technische Unterst\u00fctzung, indem Sie unser St\u00f6rungsformular ausf\u00fcllen.[\/fancy_box][\/vc_column_inner][vc_column_inner column_padding=&#8220;no-extra-padding&#8220; column_padding_tablet=&#8220;inherit&#8220; column_padding_phone=&#8220;inherit&#8220; column_padding_position=&#8220;all&#8220; column_element_spacing=&#8220;default&#8220; background_color_opacity=&#8220;1&#8243; background_hover_color_opacity=&#8220;1&#8243; background_image=&#8220;225&#8243; background_image_position=&#8220;center center&#8220; background_image_loading=&#8220;default&#8220; column_shadow=&#8220;none&#8220; column_border_radius=&#8220;none&#8220; column_link_target=&#8220;_self&#8220; enable_gradient=&#8220;true&#8220; color_overlay=&#8220;#d3d3d3&#8243; color_overlay_2=&#8220;#3ec6d8&#8243; advanced_gradient_angle=&#8220;0&#8243; gradient_direction=&#8220;top_to_bottom&#8220; overlay_strength=&#8220;0.3&#8243; width=&#8220;1\/4&#8243; tablet_width_inherit=&#8220;default&#8220; animation_type=&#8220;default&#8220; bg_image_animation=&#8220;none&#8220; border_type=&#8220;simple&#8220; column_border_width=&#8220;none&#8220; column_border_style=&#8220;solid&#8220; gradient_type=&#8220;default&#8220;][fancy_box box_style=&#8220;parallax_hover&#8220; icon_family=&#8220;none&#8220; parallax_hover_box_alignment=&#8220;middle&#8220; parallax_hover_box_overlay_opacity=&#8220;0.6&#8243; parallax_hover_box_overlay_opacity_hover=&#8220;0.2&#8243; border_radius=&#8220;default&#8220; image_loading=&#8220;default&#8220; color_scheme=&#8220;dark&#8220; secondary_content=&#8220;here&#8217;s some awesome text that would only be shown on hover&#8220; min_height=&#8220;600&#8243;]\n<h2>Beratung<\/h2>\n<p>Wir f\u00fchren personalisierte Beratungspl\u00e4ne durch, die auf jeden Kunden und seine Bed\u00fcrfnisse zugeschnitten sind.[\/fancy_box][\/vc_column_inner][\/vc_row_inner][\/vc_column][\/vc_row]\n","protected":false},"excerpt":{"rendered":"<p>[vc_row type=&#8220;full_width_content&#8220; full_screen_row_position=&#8220;middle&#8220; column_margin=&#8220;default&#8220; column_direction=&#8220;default&#8220; column_direction_tablet=&#8220;default&#8220; column_direction_phone=&#8220;default&#8220; scene_position=&#8220;center&#8220; top_padding=&#8220;5%&#8220; text_color=&#8220;dark&#8220; text_align=&#8220;left&#8220; row_border_radius=&#8220;none&#8220; row_border_radius_applies=&#8220;bg&#8220; overflow=&#8220;visible&#8220; overlay_strength=&#8220;0.3&#8243; gradient_direction=&#8220;left_to_right&#8220; shape_divider_position=&#8220;bottom&#8220; bg_image_animation=&#8220;none&#8220; shape_type=&#8220;&#8220;][vc_column column_padding=&#8220;no-extra-padding&#8220; column_padding_tablet=&#8220;inherit&#8220; column_padding_phone=&#8220;inherit&#8220; column_padding_position=&#8220;all&#8220; column_element_spacing=&#8220;default&#8220; background_color_opacity=&#8220;1&#8243; background_hover_color_opacity=&#8220;1&#8243; column_shadow=&#8220;none&#8220; column_border_radius=&#8220;none&#8220; column_link_target=&#8220;_self&#8220; column_position=&#8220;default&#8220;&#8230;<\/p>\n","protected":false},"author":1,"featured_media":0,"parent":0,"menu_order":0,"comment_status":"closed","ping_status":"closed","template":"","meta":{"footnotes":""},"class_list":["post-11908","page","type-page","status-publish"],"yoast_head":"<!-- This site is optimized with the Yoast SEO plugin v27.4 - https:\/\/yoast.com\/product\/yoast-seo-wordpress\/ -->\n<title>DIENSTLEISTUNGEN% % |% Floox<\/title>\n<meta name=\"robots\" content=\"index, follow, max-snippet:-1, max-image-preview:large, max-video-preview:-1\" \/>\n<link rel=\"canonical\" href=\"https:\/\/www.flooxpower.com\/de\/dienstleistungen\/\" \/>\n<meta property=\"og:locale\" content=\"de_DE\" \/>\n<meta property=\"og:type\" content=\"article\" \/>\n<meta property=\"og:title\" content=\"DIENSTLEISTUNGEN% % |% Floox\" \/>\n<meta property=\"og:description\" content=\"[vc_row type=&#8220;full_width_content&#8220; full_screen_row_position=&#8220;middle&#8220; column_margin=&#8220;default&#8220; column_direction=&#8220;default&#8220; column_direction_tablet=&#8220;default&#8220; column_direction_phone=&#8220;default&#8220; scene_position=&#8220;center&#8220; top_padding=&#8220;5%&#8220; text_color=&#8220;dark&#8220; text_align=&#8220;left&#8220; row_border_radius=&#8220;none&#8220; row_border_radius_applies=&#8220;bg&#8220; overflow=&#8220;visible&#8220; overlay_strength=&#8220;0.3&#8243; gradient_direction=&#8220;left_to_right&#8220; shape_divider_position=&#8220;bottom&#8220; bg_image_animation=&#8220;none&#8220; shape_type=&#8220;&#8220;][vc_column column_padding=&#8220;no-extra-padding&#8220; column_padding_tablet=&#8220;inherit&#8220; column_padding_phone=&#8220;inherit&#8220; column_padding_position=&#8220;all&#8220; column_element_spacing=&#8220;default&#8220; background_color_opacity=&#8220;1&#8243; background_hover_color_opacity=&#8220;1&#8243; column_shadow=&#8220;none&#8220; column_border_radius=&#8220;none&#8220; column_link_target=&#8220;_self&#8220; column_position=&#8220;default&#8220;...\" \/>\n<meta property=\"og:url\" content=\"https:\/\/www.flooxpower.com\/de\/dienstleistungen\/\" \/>\n<meta property=\"og:site_name\" content=\"Floox by Premium PSU\" \/>\n<meta property=\"article:modified_time\" content=\"2025-10-15T07:19:58+00:00\" \/>\n<meta property=\"og:image\" content=\"https:\/\/www.flooxpower.com\/wp-content\/uploads\/2022\/10\/flooxweb.webp\" \/>\n\t<meta property=\"og:image:width\" content=\"840\" \/>\n\t<meta property=\"og:image:height\" content=\"560\" \/>\n\t<meta property=\"og:image:type\" content=\"image\/webp\" \/>\n<meta name=\"twitter:card\" content=\"summary_large_image\" \/>\n<script type=\"application\/ld+json\" class=\"yoast-schema-graph\">{\"@context\":\"https:\\\/\\\/schema.org\",\"@graph\":[{\"@type\":\"WebPage\",\"@id\":\"https:\\\/\\\/www.flooxpower.com\\\/de\\\/dienstleistungen\\\/\",\"url\":\"https:\\\/\\\/www.flooxpower.com\\\/de\\\/dienstleistungen\\\/\",\"name\":\"DIENSTLEISTUNGEN% % |% Floox\",\"isPartOf\":{\"@id\":\"https:\\\/\\\/www.flooxpower.com\\\/de\\\/#website\"},\"datePublished\":\"2022-06-10T05:54:25+00:00\",\"dateModified\":\"2025-10-15T07:19:58+00:00\",\"breadcrumb\":{\"@id\":\"https:\\\/\\\/www.flooxpower.com\\\/de\\\/dienstleistungen\\\/#breadcrumb\"},\"inLanguage\":\"de\",\"potentialAction\":[{\"@type\":\"ReadAction\",\"target\":[\"https:\\\/\\\/www.flooxpower.com\\\/de\\\/dienstleistungen\\\/\"]}]},{\"@type\":\"WebSite\",\"@id\":\"https:\\\/\\\/www.flooxpower.com\\\/de\\\/#website\",\"url\":\"https:\\\/\\\/www.flooxpower.com\\\/de\\\/\",\"name\":\"Floox by Premium PSU\",\"description\":\"Cargadores ultra r\u00e1pidos para veh\u00edculos el\u00e9ctricos\",\"publisher\":{\"@id\":\"https:\\\/\\\/www.flooxpower.com\\\/de\\\/#organization\"},\"alternateName\":\"Cargadores para veh\u00edculos el\u00e9ctricos | Puntos de carga | Floox\",\"potentialAction\":[{\"@type\":\"SearchAction\",\"target\":{\"@type\":\"EntryPoint\",\"urlTemplate\":\"https:\\\/\\\/www.flooxpower.com\\\/de\\\/?s={search_term_string}\"},\"query-input\":{\"@type\":\"PropertyValueSpecification\",\"valueRequired\":true,\"valueName\":\"search_term_string\"}}],\"inLanguage\":\"de\"},{\"@type\":\"Organization\",\"@id\":\"https:\\\/\\\/www.flooxpower.com\\\/de\\\/#organization\",\"name\":\"Floox | Cargadores para veh\u00edculos el\u00e9ctricos\",\"url\":\"https:\\\/\\\/www.flooxpower.com\\\/de\\\/\",\"logo\":{\"@type\":\"ImageObject\",\"inLanguage\":\"de\",\"@id\":\"https:\\\/\\\/www.flooxpower.com\\\/de\\\/#\\\/schema\\\/logo\\\/image\\\/\",\"url\":\"https:\\\/\\\/www.flooxpower.com\\\/wp-content\\\/uploads\\\/2022\\\/10\\\/flooxweb.webp\",\"contentUrl\":\"https:\\\/\\\/www.flooxpower.com\\\/wp-content\\\/uploads\\\/2022\\\/10\\\/flooxweb.webp\",\"width\":840,\"height\":560,\"caption\":\"Floox | Cargadores para veh\u00edculos el\u00e9ctricos\"},\"image\":{\"@id\":\"https:\\\/\\\/www.flooxpower.com\\\/de\\\/#\\\/schema\\\/logo\\\/image\\\/\"},\"sameAs\":[\"https:\\\/\\\/www.linkedin.com\\\/company\\\/flooxpower\"]}]}<\/script>\n<!-- \/ Yoast SEO plugin. -->","yoast_head_json":{"title":"DIENSTLEISTUNGEN% % |% Floox","robots":{"index":"index","follow":"follow","max-snippet":"max-snippet:-1","max-image-preview":"max-image-preview:large","max-video-preview":"max-video-preview:-1"},"canonical":"https:\/\/www.flooxpower.com\/de\/dienstleistungen\/","og_locale":"de_DE","og_type":"article","og_title":"DIENSTLEISTUNGEN% % |% Floox","og_description":"[vc_row type=&#8220;full_width_content&#8220; full_screen_row_position=&#8220;middle&#8220; column_margin=&#8220;default&#8220; column_direction=&#8220;default&#8220; column_direction_tablet=&#8220;default&#8220; column_direction_phone=&#8220;default&#8220; scene_position=&#8220;center&#8220; top_padding=&#8220;5%&#8220; text_color=&#8220;dark&#8220; text_align=&#8220;left&#8220; row_border_radius=&#8220;none&#8220; row_border_radius_applies=&#8220;bg&#8220; overflow=&#8220;visible&#8220; overlay_strength=&#8220;0.3&#8243; gradient_direction=&#8220;left_to_right&#8220; shape_divider_position=&#8220;bottom&#8220; bg_image_animation=&#8220;none&#8220; shape_type=&#8220;&#8220;][vc_column column_padding=&#8220;no-extra-padding&#8220; column_padding_tablet=&#8220;inherit&#8220; column_padding_phone=&#8220;inherit&#8220; column_padding_position=&#8220;all&#8220; column_element_spacing=&#8220;default&#8220; background_color_opacity=&#8220;1&#8243; background_hover_color_opacity=&#8220;1&#8243; column_shadow=&#8220;none&#8220; column_border_radius=&#8220;none&#8220; column_link_target=&#8220;_self&#8220; column_position=&#8220;default&#8220;...","og_url":"https:\/\/www.flooxpower.com\/de\/dienstleistungen\/","og_site_name":"Floox by Premium PSU","article_modified_time":"2025-10-15T07:19:58+00:00","og_image":[{"width":840,"height":560,"url":"https:\/\/www.flooxpower.com\/wp-content\/uploads\/2022\/10\/flooxweb.webp","type":"image\/webp"}],"twitter_card":"summary_large_image","schema":{"@context":"https:\/\/schema.org","@graph":[{"@type":"WebPage","@id":"https:\/\/www.flooxpower.com\/de\/dienstleistungen\/","url":"https:\/\/www.flooxpower.com\/de\/dienstleistungen\/","name":"DIENSTLEISTUNGEN% % |% Floox","isPartOf":{"@id":"https:\/\/www.flooxpower.com\/de\/#website"},"datePublished":"2022-06-10T05:54:25+00:00","dateModified":"2025-10-15T07:19:58+00:00","breadcrumb":{"@id":"https:\/\/www.flooxpower.com\/de\/dienstleistungen\/#breadcrumb"},"inLanguage":"de","potentialAction":[{"@type":"ReadAction","target":["https:\/\/www.flooxpower.com\/de\/dienstleistungen\/"]}]},{"@type":"WebSite","@id":"https:\/\/www.flooxpower.com\/de\/#website","url":"https:\/\/www.flooxpower.com\/de\/","name":"Floox by Premium PSU","description":"Cargadores ultra r\u00e1pidos para veh\u00edculos el\u00e9ctricos","publisher":{"@id":"https:\/\/www.flooxpower.com\/de\/#organization"},"alternateName":"Cargadores para veh\u00edculos el\u00e9ctricos | Puntos de carga | Floox","potentialAction":[{"@type":"SearchAction","target":{"@type":"EntryPoint","urlTemplate":"https:\/\/www.flooxpower.com\/de\/?s={search_term_string}"},"query-input":{"@type":"PropertyValueSpecification","valueRequired":true,"valueName":"search_term_string"}}],"inLanguage":"de"},{"@type":"Organization","@id":"https:\/\/www.flooxpower.com\/de\/#organization","name":"Floox | Cargadores para veh\u00edculos el\u00e9ctricos","url":"https:\/\/www.flooxpower.com\/de\/","logo":{"@type":"ImageObject","inLanguage":"de","@id":"https:\/\/www.flooxpower.com\/de\/#\/schema\/logo\/image\/","url":"https:\/\/www.flooxpower.com\/wp-content\/uploads\/2022\/10\/flooxweb.webp","contentUrl":"https:\/\/www.flooxpower.com\/wp-content\/uploads\/2022\/10\/flooxweb.webp","width":840,"height":560,"caption":"Floox | Cargadores para veh\u00edculos el\u00e9ctricos"},"image":{"@id":"https:\/\/www.flooxpower.com\/de\/#\/schema\/logo\/image\/"},"sameAs":["https:\/\/www.linkedin.com\/company\/flooxpower"]}]}},"_links":{"self":[{"href":"https:\/\/www.flooxpower.com\/de\/wp-json\/wp\/v2\/pages\/11908","targetHints":{"allow":["GET"]}}],"collection":[{"href":"https:\/\/www.flooxpower.com\/de\/wp-json\/wp\/v2\/pages"}],"about":[{"href":"https:\/\/www.flooxpower.com\/de\/wp-json\/wp\/v2\/types\/page"}],"author":[{"embeddable":true,"href":"https:\/\/www.flooxpower.com\/de\/wp-json\/wp\/v2\/users\/1"}],"replies":[{"embeddable":true,"href":"https:\/\/www.flooxpower.com\/de\/wp-json\/wp\/v2\/comments?post=11908"}],"version-history":[{"count":2,"href":"https:\/\/www.flooxpower.com\/de\/wp-json\/wp\/v2\/pages\/11908\/revisions"}],"predecessor-version":[{"id":11910,"href":"https:\/\/www.flooxpower.com\/de\/wp-json\/wp\/v2\/pages\/11908\/revisions\/11910"}],"wp:attachment":[{"href":"https:\/\/www.flooxpower.com\/de\/wp-json\/wp\/v2\/media?parent=11908"}],"curies":[{"name":"wp","href":"https:\/\/api.w.org\/{rel}","templated":true}]}}