{"id":11784,"date":"2025-07-10T08:55:26","date_gmt":"2025-07-10T06:55:26","guid":{"rendered":"https:\/\/www.flooxpower.com\/qualitaetsmanagement-bei-floox\/"},"modified":"2025-10-28T10:32:31","modified_gmt":"2025-10-28T09:32:31","slug":"qualitaetsmanagement-bei-floox","status":"publish","type":"page","link":"https:\/\/www.flooxpower.com\/de\/qualitaetsmanagement-bei-floox\/","title":{"rendered":"Qualit\u00e4tsmanagement bei Floox"},"content":{"rendered":"[vc_row type=&#8220;in_container&#8220; full_screen_row_position=&#8220;middle&#8220; column_margin=&#8220;default&#8220; column_direction=&#8220;default&#8220; column_direction_tablet=&#8220;default&#8220; column_direction_phone=&#8220;default&#8220; scene_position=&#8220;center&#8220; text_color=&#8220;dark&#8220; text_align=&#8220;left&#8220; row_border_radius=&#8220;none&#8220; row_border_radius_applies=&#8220;bg&#8220; overflow=&#8220;visible&#8220; overlay_strength=&#8220;0.3&#8243; gradient_direction=&#8220;left_to_right&#8220; shape_divider_position=&#8220;bottom&#8220; bg_image_animation=&#8220;none&#8220;][vc_column column_padding=&#8220;no-extra-padding&#8220; column_padding_tablet=&#8220;inherit&#8220; column_padding_phone=&#8220;inherit&#8220; column_padding_position=&#8220;all&#8220; column_element_spacing=&#8220;default&#8220; background_color_opacity=&#8220;1&#8243; background_hover_color_opacity=&#8220;1&#8243; column_shadow=&#8220;none&#8220; column_border_radius=&#8220;none&#8220; column_link_target=&#8220;_self&#8220; column_position=&#8220;default&#8220; gradient_direction=&#8220;left_to_right&#8220; overlay_strength=&#8220;0.3&#8243; width=&#8220;1\/1&#8243; tablet_width_inherit=&#8220;default&#8220; tablet_text_alignment=&#8220;default&#8220; phone_text_alignment=&#8220;default&#8220; animation_type=&#8220;default&#8220; bg_image_animation=&#8220;none&#8220; border_type=&#8220;simple&#8220; column_border_width=&#8220;none&#8220; column_border_style=&#8220;solid&#8220;][vc_custom_heading text=&#8220;Qualit\u00e4tsmanagement bei Floox&#8220; font_container=&#8220;tag:h1|font_size:40|text_align:center|color:%23ffffff&#8220; use_theme_fonts=&#8220;yes&#8220;][vc_column_text css=&#8220;.vc_custom_1752129643934{margin-top: 50px !important;}&#8220;]\n<p style=\"font-size: 20px;\">Bei Floox ist Qualit\u00e4t ein wesentlicher Bestandteil unseres Engagements f\u00fcr nachhaltige Elektromobilit\u00e4t. Bei der Entwicklung und Herstellung von Schnell- und Ultra-Schnell-Ladeger\u00e4ten f\u00fcr Elektrofahrzeuge legen wir die h\u00f6chsten Standards an und gew\u00e4hrleisten Zuverl\u00e4ssigkeit, Effizienz und Sicherheit bei jeder L\u00f6sung. Unser Qualit\u00e4tsmanagement umfasst den gesamten Produktlebenszyklus und ist auf kontinuierliche Verbesserung, technologische Innovation und Kundenzufriedenheit ausgerichtet.<\/p>\n[\/vc_column_text][\/vc_column][\/vc_row][vc_row type=&#8220;in_container&#8220; full_screen_row_position=&#8220;middle&#8220; column_margin=&#8220;50px&#8220; equal_height=&#8220;yes&#8220; column_direction=&#8220;default&#8220; column_direction_tablet=&#8220;default&#8220; column_direction_phone=&#8220;default&#8220; scene_position=&#8220;center&#8220; top_margin=&#8220;50&#8243; bottom_margin=&#8220;100&#8243; text_color=&#8220;dark&#8220; text_align=&#8220;left&#8220; row_border_radius=&#8220;none&#8220; row_border_radius_applies=&#8220;bg&#8220; overflow=&#8220;visible&#8220; advanced_gradient_angle=&#8220;0&#8243; overlay_strength=&#8220;0.3&#8243; gradient_direction=&#8220;left_to_right&#8220; shape_divider_position=&#8220;bottom&#8220; bg_image_animation=&#8220;none&#8220; gradient_type=&#8220;default&#8220; shape_type=&#8220;&#8220;][vc_column column_padding=&#8220;no-extra-padding&#8220; column_padding_tablet=&#8220;inherit&#8220; column_padding_phone=&#8220;inherit&#8220; column_padding_position=&#8220;all&#8220; column_element_spacing=&#8220;default&#8220; background_color_opacity=&#8220;1&#8243; background_hover_color_opacity=&#8220;1&#8243; column_shadow=&#8220;none&#8220; column_border_radius=&#8220;none&#8220; column_link_target=&#8220;_self&#8220; column_position=&#8220;default&#8220; gradient_direction=&#8220;left_to_right&#8220; overlay_strength=&#8220;0.3&#8243; width=&#8220;1\/4&#8243; tablet_width_inherit=&#8220;default&#8220; tablet_text_alignment=&#8220;default&#8220; phone_text_alignment=&#8220;default&#8220; animation_type=&#8220;default&#8220; bg_image_animation=&#8220;none&#8220; border_type=&#8220;simple&#8220; column_border_width=&#8220;none&#8220; column_border_style=&#8220;solid&#8220;][\/vc_column][vc_column column_padding=&#8220;no-extra-padding&#8220; column_padding_tablet=&#8220;inherit&#8220; column_padding_phone=&#8220;inherit&#8220; column_padding_position=&#8220;all&#8220; column_element_spacing=&#8220;default&#8220; background_color_opacity=&#8220;1&#8243; background_hover_color_opacity=&#8220;1&#8243; column_shadow=&#8220;none&#8220; column_border_radius=&#8220;none&#8220; column_link_target=&#8220;_self&#8220; column_position=&#8220;default&#8220; gradient_direction=&#8220;left_to_right&#8220; overlay_strength=&#8220;0.3&#8243; width=&#8220;1\/4&#8243; tablet_width_inherit=&#8220;default&#8220; tablet_text_alignment=&#8220;default&#8220; phone_text_alignment=&#8220;default&#8220; animation_type=&#8220;default&#8220; bg_image_animation=&#8220;none&#8220; border_type=&#8220;simple&#8220; column_border_width=&#8220;none&#8220; column_border_style=&#8220;solid&#8220;][image_with_animation image_url=&#8220;11012&#8243; image_size=&#8220;full&#8220; animation_type=&#8220;entrance&#8220; animation=&#8220;Fade In&#8220; hover_animation=&#8220;none&#8220; alignment=&#8220;center&#8220; img_link_target=&#8220;_blank&#8220; border_radius=&#8220;none&#8220; box_shadow=&#8220;none&#8220; image_loading=&#8220;default&#8220; max_width=&#8220;custom&#8220; img_link=&#8220;https:\/\/www.flooxpower.com\/wp-content\/uploads\/2025\/07\/25135971-BUP-GRUPO-PREMIUM-INGLES.pdf&#8220; max_width_custom_phone=&#8220;60%&#8220;][vc_custom_heading text=&#8220;ISO 9001&#8243; font_container=&#8220;tag:h4|font_size:30|text_align:center|color:%23ffffff&#8220; use_theme_fonts=&#8220;yes&#8220;][\/vc_column][vc_column column_padding=&#8220;no-extra-padding&#8220; column_padding_tablet=&#8220;inherit&#8220; column_padding_phone=&#8220;inherit&#8220; column_padding_position=&#8220;all&#8220; column_element_spacing=&#8220;default&#8220; background_color_opacity=&#8220;1&#8243; background_hover_color_opacity=&#8220;1&#8243; column_shadow=&#8220;none&#8220; column_border_radius=&#8220;none&#8220; column_link_target=&#8220;_self&#8220; column_position=&#8220;default&#8220; gradient_direction=&#8220;left_to_right&#8220; overlay_strength=&#8220;0.3&#8243; width=&#8220;1\/4&#8243; tablet_width_inherit=&#8220;default&#8220; tablet_text_alignment=&#8220;default&#8220; phone_text_alignment=&#8220;default&#8220; animation_type=&#8220;default&#8220; bg_image_animation=&#8220;none&#8220; border_type=&#8220;simple&#8220; column_border_width=&#8220;none&#8220; column_border_style=&#8220;solid&#8220;][image_with_animation image_url=&#8220;11006&#8243; image_size=&#8220;full&#8220; animation_type=&#8220;entrance&#8220; animation=&#8220;Fade In&#8220; hover_animation=&#8220;none&#8220; alignment=&#8220;center&#8220; img_link_target=&#8220;_blank&#8220; border_radius=&#8220;none&#8220; box_shadow=&#8220;none&#8220; image_loading=&#8220;default&#8220; max_width=&#8220;custom&#8220; img_link=&#8220;https:\/\/www.flooxpower.com\/wp-content\/uploads\/2025\/07\/25135971-BUQ-GRUPO-PREMIUM-INGLES.pdf&#8220; max_width_custom_phone=&#8220;60%&#8220;][vc_custom_heading text=&#8220;ISO 14001&#8243; font_container=&#8220;tag:h4|font_size:30|text_align:center|color:%23ffffff&#8220; use_theme_fonts=&#8220;yes&#8220;][\/vc_column][vc_column column_padding=&#8220;no-extra-padding&#8220; column_padding_tablet=&#8220;inherit&#8220; column_padding_phone=&#8220;inherit&#8220; column_padding_position=&#8220;all&#8220; column_element_spacing=&#8220;default&#8220; background_color_opacity=&#8220;1&#8243; background_hover_color_opacity=&#8220;1&#8243; column_shadow=&#8220;none&#8220; column_border_radius=&#8220;none&#8220; column_link_target=&#8220;_self&#8220; column_position=&#8220;default&#8220; gradient_direction=&#8220;left_to_right&#8220; overlay_strength=&#8220;0.3&#8243; width=&#8220;1\/4&#8243; tablet_width_inherit=&#8220;default&#8220; tablet_text_alignment=&#8220;default&#8220; phone_text_alignment=&#8220;default&#8220; animation_type=&#8220;default&#8220; bg_image_animation=&#8220;none&#8220; border_type=&#8220;simple&#8220; column_border_width=&#8220;none&#8220; column_border_style=&#8220;solid&#8220;][\/vc_column][\/vc_row]\n","protected":false},"excerpt":{"rendered":"<p>[vc_row type=&#8220;in_container&#8220; full_screen_row_position=&#8220;middle&#8220; column_margin=&#8220;default&#8220; column_direction=&#8220;default&#8220; column_direction_tablet=&#8220;default&#8220; column_direction_phone=&#8220;default&#8220; scene_position=&#8220;center&#8220; text_color=&#8220;dark&#8220; text_align=&#8220;left&#8220; row_border_radius=&#8220;none&#8220; row_border_radius_applies=&#8220;bg&#8220; overflow=&#8220;visible&#8220; overlay_strength=&#8220;0.3&#8243; gradient_direction=&#8220;left_to_right&#8220; shape_divider_position=&#8220;bottom&#8220; bg_image_animation=&#8220;none&#8220;][vc_column column_padding=&#8220;no-extra-padding&#8220; column_padding_tablet=&#8220;inherit&#8220; column_padding_phone=&#8220;inherit&#8220; column_padding_position=&#8220;all&#8220; column_element_spacing=&#8220;default&#8220; background_color_opacity=&#8220;1&#8243; background_hover_color_opacity=&#8220;1&#8243; column_shadow=&#8220;none&#8220; column_border_radius=&#8220;none&#8220; column_link_target=&#8220;_self&#8220; column_position=&#8220;default&#8220; gradient_direction=&#8220;left_to_right&#8220; overlay_strength=&#8220;0.3&#8243;&#8230;<\/p>\n","protected":false},"author":7,"featured_media":0,"parent":0,"menu_order":0,"comment_status":"closed","ping_status":"closed","template":"","meta":{"footnotes":""},"class_list":["post-11784","page","type-page","status-publish"],"yoast_head":"<!-- This site is optimized with the Yoast SEO plugin v27.4 - https:\/\/yoast.com\/product\/yoast-seo-wordpress\/ -->\n<title>Qualit\u00e4tsmanagement bei Floox | Floox by Premium PSU<\/title>\n<meta name=\"robots\" content=\"index, follow, max-snippet:-1, max-image-preview:large, max-video-preview:-1\" \/>\n<link rel=\"canonical\" href=\"https:\/\/www.flooxpower.com\/de\/qualitaetsmanagement-bei-floox\/\" \/>\n<meta property=\"og:locale\" content=\"de_DE\" \/>\n<meta property=\"og:type\" content=\"article\" \/>\n<meta property=\"og:title\" content=\"Qualit\u00e4tsmanagement bei Floox | Floox by Premium PSU\" \/>\n<meta property=\"og:description\" content=\"[vc_row type=&#8220;in_container&#8220; full_screen_row_position=&#8220;middle&#8220; column_margin=&#8220;default&#8220; column_direction=&#8220;default&#8220; column_direction_tablet=&#8220;default&#8220; column_direction_phone=&#8220;default&#8220; scene_position=&#8220;center&#8220; text_color=&#8220;dark&#8220; text_align=&#8220;left&#8220; row_border_radius=&#8220;none&#8220; row_border_radius_applies=&#8220;bg&#8220; overflow=&#8220;visible&#8220; overlay_strength=&#8220;0.3&#8243; gradient_direction=&#8220;left_to_right&#8220; shape_divider_position=&#8220;bottom&#8220; bg_image_animation=&#8220;none&#8220;][vc_column column_padding=&#8220;no-extra-padding&#8220; column_padding_tablet=&#8220;inherit&#8220; column_padding_phone=&#8220;inherit&#8220; column_padding_position=&#8220;all&#8220; column_element_spacing=&#8220;default&#8220; background_color_opacity=&#8220;1&#8243; background_hover_color_opacity=&#8220;1&#8243; column_shadow=&#8220;none&#8220; column_border_radius=&#8220;none&#8220; column_link_target=&#8220;_self&#8220; column_position=&#8220;default&#8220; gradient_direction=&#8220;left_to_right&#8220; overlay_strength=&#8220;0.3&#8243;...\" \/>\n<meta property=\"og:url\" content=\"https:\/\/www.flooxpower.com\/de\/qualitaetsmanagement-bei-floox\/\" \/>\n<meta property=\"og:site_name\" content=\"Floox by Premium PSU\" \/>\n<meta property=\"article:modified_time\" content=\"2025-10-28T09:32:31+00:00\" \/>\n<meta property=\"og:image\" content=\"https:\/\/www.flooxpower.com\/wp-content\/uploads\/2022\/10\/flooxweb.webp\" \/>\n\t<meta property=\"og:image:width\" content=\"840\" \/>\n\t<meta property=\"og:image:height\" content=\"560\" \/>\n\t<meta property=\"og:image:type\" content=\"image\/webp\" \/>\n<meta name=\"twitter:card\" content=\"summary_large_image\" \/>\n<script type=\"application\/ld+json\" class=\"yoast-schema-graph\">{\"@context\":\"https:\\\/\\\/schema.org\",\"@graph\":[{\"@type\":\"WebPage\",\"@id\":\"https:\\\/\\\/www.flooxpower.com\\\/de\\\/qualitaetsmanagement-bei-floox\\\/\",\"url\":\"https:\\\/\\\/www.flooxpower.com\\\/de\\\/qualitaetsmanagement-bei-floox\\\/\",\"name\":\"Qualit\u00e4tsmanagement bei Floox | Floox by Premium PSU\",\"isPartOf\":{\"@id\":\"https:\\\/\\\/www.flooxpower.com\\\/de\\\/#website\"},\"datePublished\":\"2025-07-10T06:55:26+00:00\",\"dateModified\":\"2025-10-28T09:32:31+00:00\",\"breadcrumb\":{\"@id\":\"https:\\\/\\\/www.flooxpower.com\\\/de\\\/qualitaetsmanagement-bei-floox\\\/#breadcrumb\"},\"inLanguage\":\"de\",\"potentialAction\":[{\"@type\":\"ReadAction\",\"target\":[\"https:\\\/\\\/www.flooxpower.com\\\/de\\\/qualitaetsmanagement-bei-floox\\\/\"]}]},{\"@type\":\"WebSite\",\"@id\":\"https:\\\/\\\/www.flooxpower.com\\\/de\\\/#website\",\"url\":\"https:\\\/\\\/www.flooxpower.com\\\/de\\\/\",\"name\":\"Floox by Premium PSU\",\"description\":\"Cargadores ultra r\u00e1pidos para veh\u00edculos el\u00e9ctricos\",\"publisher\":{\"@id\":\"https:\\\/\\\/www.flooxpower.com\\\/de\\\/#organization\"},\"alternateName\":\"Cargadores para veh\u00edculos el\u00e9ctricos | Puntos de carga | Floox\",\"potentialAction\":[{\"@type\":\"SearchAction\",\"target\":{\"@type\":\"EntryPoint\",\"urlTemplate\":\"https:\\\/\\\/www.flooxpower.com\\\/de\\\/?s={search_term_string}\"},\"query-input\":{\"@type\":\"PropertyValueSpecification\",\"valueRequired\":true,\"valueName\":\"search_term_string\"}}],\"inLanguage\":\"de\"},{\"@type\":\"Organization\",\"@id\":\"https:\\\/\\\/www.flooxpower.com\\\/de\\\/#organization\",\"name\":\"Floox | Cargadores para veh\u00edculos el\u00e9ctricos\",\"url\":\"https:\\\/\\\/www.flooxpower.com\\\/de\\\/\",\"logo\":{\"@type\":\"ImageObject\",\"inLanguage\":\"de\",\"@id\":\"https:\\\/\\\/www.flooxpower.com\\\/de\\\/#\\\/schema\\\/logo\\\/image\\\/\",\"url\":\"https:\\\/\\\/www.flooxpower.com\\\/wp-content\\\/uploads\\\/2022\\\/10\\\/flooxweb.webp\",\"contentUrl\":\"https:\\\/\\\/www.flooxpower.com\\\/wp-content\\\/uploads\\\/2022\\\/10\\\/flooxweb.webp\",\"width\":840,\"height\":560,\"caption\":\"Floox | Cargadores para veh\u00edculos el\u00e9ctricos\"},\"image\":{\"@id\":\"https:\\\/\\\/www.flooxpower.com\\\/de\\\/#\\\/schema\\\/logo\\\/image\\\/\"},\"sameAs\":[\"https:\\\/\\\/www.linkedin.com\\\/company\\\/flooxpower\"]}]}<\/script>\n<!-- \/ Yoast SEO plugin. -->","yoast_head_json":{"title":"Qualit\u00e4tsmanagement bei Floox | Floox by Premium PSU","robots":{"index":"index","follow":"follow","max-snippet":"max-snippet:-1","max-image-preview":"max-image-preview:large","max-video-preview":"max-video-preview:-1"},"canonical":"https:\/\/www.flooxpower.com\/de\/qualitaetsmanagement-bei-floox\/","og_locale":"de_DE","og_type":"article","og_title":"Qualit\u00e4tsmanagement bei Floox | Floox by Premium PSU","og_description":"[vc_row type=&#8220;in_container&#8220; full_screen_row_position=&#8220;middle&#8220; column_margin=&#8220;default&#8220; column_direction=&#8220;default&#8220; column_direction_tablet=&#8220;default&#8220; column_direction_phone=&#8220;default&#8220; scene_position=&#8220;center&#8220; text_color=&#8220;dark&#8220; text_align=&#8220;left&#8220; row_border_radius=&#8220;none&#8220; row_border_radius_applies=&#8220;bg&#8220; overflow=&#8220;visible&#8220; overlay_strength=&#8220;0.3&#8243; gradient_direction=&#8220;left_to_right&#8220; shape_divider_position=&#8220;bottom&#8220; bg_image_animation=&#8220;none&#8220;][vc_column column_padding=&#8220;no-extra-padding&#8220; column_padding_tablet=&#8220;inherit&#8220; column_padding_phone=&#8220;inherit&#8220; column_padding_position=&#8220;all&#8220; column_element_spacing=&#8220;default&#8220; background_color_opacity=&#8220;1&#8243; background_hover_color_opacity=&#8220;1&#8243; column_shadow=&#8220;none&#8220; column_border_radius=&#8220;none&#8220; column_link_target=&#8220;_self&#8220; column_position=&#8220;default&#8220; gradient_direction=&#8220;left_to_right&#8220; overlay_strength=&#8220;0.3&#8243;...","og_url":"https:\/\/www.flooxpower.com\/de\/qualitaetsmanagement-bei-floox\/","og_site_name":"Floox by Premium PSU","article_modified_time":"2025-10-28T09:32:31+00:00","og_image":[{"width":840,"height":560,"url":"https:\/\/www.flooxpower.com\/wp-content\/uploads\/2022\/10\/flooxweb.webp","type":"image\/webp"}],"twitter_card":"summary_large_image","schema":{"@context":"https:\/\/schema.org","@graph":[{"@type":"WebPage","@id":"https:\/\/www.flooxpower.com\/de\/qualitaetsmanagement-bei-floox\/","url":"https:\/\/www.flooxpower.com\/de\/qualitaetsmanagement-bei-floox\/","name":"Qualit\u00e4tsmanagement bei Floox | Floox by Premium PSU","isPartOf":{"@id":"https:\/\/www.flooxpower.com\/de\/#website"},"datePublished":"2025-07-10T06:55:26+00:00","dateModified":"2025-10-28T09:32:31+00:00","breadcrumb":{"@id":"https:\/\/www.flooxpower.com\/de\/qualitaetsmanagement-bei-floox\/#breadcrumb"},"inLanguage":"de","potentialAction":[{"@type":"ReadAction","target":["https:\/\/www.flooxpower.com\/de\/qualitaetsmanagement-bei-floox\/"]}]},{"@type":"WebSite","@id":"https:\/\/www.flooxpower.com\/de\/#website","url":"https:\/\/www.flooxpower.com\/de\/","name":"Floox by Premium PSU","description":"Cargadores ultra r\u00e1pidos para veh\u00edculos el\u00e9ctricos","publisher":{"@id":"https:\/\/www.flooxpower.com\/de\/#organization"},"alternateName":"Cargadores para veh\u00edculos el\u00e9ctricos | Puntos de carga | Floox","potentialAction":[{"@type":"SearchAction","target":{"@type":"EntryPoint","urlTemplate":"https:\/\/www.flooxpower.com\/de\/?s={search_term_string}"},"query-input":{"@type":"PropertyValueSpecification","valueRequired":true,"valueName":"search_term_string"}}],"inLanguage":"de"},{"@type":"Organization","@id":"https:\/\/www.flooxpower.com\/de\/#organization","name":"Floox | Cargadores para veh\u00edculos el\u00e9ctricos","url":"https:\/\/www.flooxpower.com\/de\/","logo":{"@type":"ImageObject","inLanguage":"de","@id":"https:\/\/www.flooxpower.com\/de\/#\/schema\/logo\/image\/","url":"https:\/\/www.flooxpower.com\/wp-content\/uploads\/2022\/10\/flooxweb.webp","contentUrl":"https:\/\/www.flooxpower.com\/wp-content\/uploads\/2022\/10\/flooxweb.webp","width":840,"height":560,"caption":"Floox | Cargadores para veh\u00edculos el\u00e9ctricos"},"image":{"@id":"https:\/\/www.flooxpower.com\/de\/#\/schema\/logo\/image\/"},"sameAs":["https:\/\/www.linkedin.com\/company\/flooxpower"]}]}},"_links":{"self":[{"href":"https:\/\/www.flooxpower.com\/de\/wp-json\/wp\/v2\/pages\/11784","targetHints":{"allow":["GET"]}}],"collection":[{"href":"https:\/\/www.flooxpower.com\/de\/wp-json\/wp\/v2\/pages"}],"about":[{"href":"https:\/\/www.flooxpower.com\/de\/wp-json\/wp\/v2\/types\/page"}],"author":[{"embeddable":true,"href":"https:\/\/www.flooxpower.com\/de\/wp-json\/wp\/v2\/users\/7"}],"replies":[{"embeddable":true,"href":"https:\/\/www.flooxpower.com\/de\/wp-json\/wp\/v2\/comments?post=11784"}],"version-history":[{"count":4,"href":"https:\/\/www.flooxpower.com\/de\/wp-json\/wp\/v2\/pages\/11784\/revisions"}],"predecessor-version":[{"id":12272,"href":"https:\/\/www.flooxpower.com\/de\/wp-json\/wp\/v2\/pages\/11784\/revisions\/12272"}],"wp:attachment":[{"href":"https:\/\/www.flooxpower.com\/de\/wp-json\/wp\/v2\/media?parent=11784"}],"curies":[{"name":"wp","href":"https:\/\/api.w.org\/{rel}","templated":true}]}}